{"id":1268,"date":"2025-10-17T04:55:09","date_gmt":"2025-10-17T04:55:09","guid":{"rendered":"https:\/\/knjizara.fondacijasnd.rs\/product\/amarant-zidonthe-phenomenon-of-life-through-painting\/"},"modified":"2025-10-17T04:55:09","modified_gmt":"2025-10-17T04:55:09","slug":"amarant-zidonthe-phenomenon-of-life-through-painting","status":"publish","type":"product","link":"https:\/\/knjizara.fondacijasnd.rs\/en\/product\/amarant-zidonthe-phenomenon-of-life-through-painting\/","title":{"rendered":"Amarant Zidon<br>The Phenomenon of Life Through Painting"},"content":{"rendered":"<p>This book is the first monograph on the paintings of Dado (also known as Miodrag \u0110uri\u0107) in Serbian collections. The book, titled Dado. Phenomenon of Life through Painting, was prepared by Amarant Zidon, his daughter, on the occasion of the exhibition of paintings titled Dado. History of Nature 1953\u20132000. at the Gallery of the Serbian Academy of Sciences and Arts, Belgrade (December 21, 2024 \u2013 March 2, 2025). Structured thematically, chronologically and autobiographically, it provides a deeper insight into the world of ideas and painting of the \u201cgreat nonconformist in the history of art\u201d (Katrin Mije), whose career began in Belgrade in the 1950s.     <\/p>\n","protected":false},"excerpt":{"rendered":"<p>Edited by Tatjana Vuki\u0107 and Niko Stoj\u010devi\u0107<\/p>\n<p>Belgrade: Foundation \u201cFor Serbian People and State\u201d and Foundation \u201cPlavo\u201d, 2024<br \/>\n294 pages with reproductions and photographs; 28 cm<br \/>\nISBN 978-86-81728-27-7 (\u0424\u0417\u0421\u041d\u0414) (hardcover)<br \/>\nISBN 978-86-80910-07-9 (\u0424\u041f) (hardcover)  <\/p>\n","protected":false},"featured_media":1259,"comment_status":"open","ping_status":"closed","template":"","meta":[],"product_brand":[],"product_cat":[38],"product_tag":[],"class_list":{"0":"post-1268","1":"product","2":"type-product","3":"status-publish","4":"has-post-thumbnail","6":"product_cat-uncategorized","8":"first","9":"instock","10":"shipping-taxable","11":"purchasable","12":"product-type-simple"},"_links":{"self":[{"href":"https:\/\/knjizara.fondacijasnd.rs\/en\/wp-json\/wp\/v2\/product\/1268","targetHints":{"allow":["GET"]}}],"collection":[{"href":"https:\/\/knjizara.fondacijasnd.rs\/en\/wp-json\/wp\/v2\/product"}],"about":[{"href":"https:\/\/knjizara.fondacijasnd.rs\/en\/wp-json\/wp\/v2\/types\/product"}],"replies":[{"embeddable":true,"href":"https:\/\/knjizara.fondacijasnd.rs\/en\/wp-json\/wp\/v2\/comments?post=1268"}],"wp:featuredmedia":[{"embeddable":true,"href":"https:\/\/knjizara.fondacijasnd.rs\/en\/wp-json\/wp\/v2\/media\/1259"}],"wp:attachment":[{"href":"https:\/\/knjizara.fondacijasnd.rs\/en\/wp-json\/wp\/v2\/media?parent=1268"}],"wp:term":[{"taxonomy":"product_brand","embeddable":true,"href":"https:\/\/knjizara.fondacijasnd.rs\/en\/wp-json\/wp\/v2\/product_brand?post=1268"},{"taxonomy":"product_cat","embeddable":true,"href":"https:\/\/knjizara.fondacijasnd.rs\/en\/wp-json\/wp\/v2\/product_cat?post=1268"},{"taxonomy":"product_tag","embeddable":true,"href":"https:\/\/knjizara.fondacijasnd.rs\/en\/wp-json\/wp\/v2\/product_tag?post=1268"}],"curies":[{"name":"wp","href":"https:\/\/api.w.org\/{rel}","templated":true}]}}