{"id":1266,"date":"2025-12-12T04:19:34","date_gmt":"2025-12-12T04:19:34","guid":{"rendered":"https:\/\/knjizara.fondacijasnd.rs\/product\/ljubica-miljkovic-on-serbian-art-with-love-volume-3\/"},"modified":"2025-12-12T04:40:23","modified_gmt":"2025-12-12T04:40:23","slug":"ljubica-miljkovic-on-serbian-art-with-love-volume-3","status":"publish","type":"product","link":"https:\/\/knjizara.fondacijasnd.rs\/en\/product\/ljubica-miljkovic-on-serbian-art-with-love-volume-3\/","title":{"rendered":"Ljubica Miljkovi\u0107 <br>\u201cOn Serbian Art, with Love \u2013 Volume 3\u201c"},"content":{"rendered":"<p>The third book by Ljubica Buba Miljkovi\u0107, entitled \u201cOn Serbian Art, with Love\u201d, which contains collected scientific papers and essays, is published posthumously. The third volume has been edited by Vesna Ba\u0161i\u0107 because Ljubica Miljkovi\u0107 sadly passed away on 26th May 2025.<br \/>\nThe first volume was published in 2024, while the second and the third have been published this year, since 2025 is the \u201cyear of Saint Sava\u201d, in which the Serbian people and the Serbian Orthodox Church celebrate the 850th birth anniversary of Rastko Nemanji\u0107 \u2013 Saint Sava. Since the editorial board of the Foundation \u201cFor Serbian People and State\u201d has opted for a three-volume book because of the length, content, synthesis of knowledge, expertise, quality and merits of this review of Serbian art of the 20th century, we are now presenting you the third book by Ljubica Miljkovi\u0107.<\/p>\n","protected":false},"excerpt":{"rendered":"<p>Edited by Vesna Ba\u0161i\u0107<br \/>\nBelgrade: Foundation \u201cFor Serbian People and State\u201d, 2025.<br \/>\n492 pages with illustrations; 27 cm<br \/>\nISBN 978-86-81728-32-1 (hardcover)<br \/>\nPrice: 3,000.00 RSD<\/p>\n","protected":false},"featured_media":1265,"comment_status":"open","ping_status":"closed","template":"","meta":[],"product_brand":[],"product_cat":[38],"product_tag":[],"class_list":{"0":"post-1266","1":"product","2":"type-product","3":"status-publish","4":"has-post-thumbnail","6":"product_cat-uncategorized","8":"first","9":"instock","10":"shipping-taxable","11":"purchasable","12":"product-type-simple"},"_links":{"self":[{"href":"https:\/\/knjizara.fondacijasnd.rs\/en\/wp-json\/wp\/v2\/product\/1266","targetHints":{"allow":["GET"]}}],"collection":[{"href":"https:\/\/knjizara.fondacijasnd.rs\/en\/wp-json\/wp\/v2\/product"}],"about":[{"href":"https:\/\/knjizara.fondacijasnd.rs\/en\/wp-json\/wp\/v2\/types\/product"}],"replies":[{"embeddable":true,"href":"https:\/\/knjizara.fondacijasnd.rs\/en\/wp-json\/wp\/v2\/comments?post=1266"}],"wp:featuredmedia":[{"embeddable":true,"href":"https:\/\/knjizara.fondacijasnd.rs\/en\/wp-json\/wp\/v2\/media\/1265"}],"wp:attachment":[{"href":"https:\/\/knjizara.fondacijasnd.rs\/en\/wp-json\/wp\/v2\/media?parent=1266"}],"wp:term":[{"taxonomy":"product_brand","embeddable":true,"href":"https:\/\/knjizara.fondacijasnd.rs\/en\/wp-json\/wp\/v2\/product_brand?post=1266"},{"taxonomy":"product_cat","embeddable":true,"href":"https:\/\/knjizara.fondacijasnd.rs\/en\/wp-json\/wp\/v2\/product_cat?post=1266"},{"taxonomy":"product_tag","embeddable":true,"href":"https:\/\/knjizara.fondacijasnd.rs\/en\/wp-json\/wp\/v2\/product_tag?post=1266"}],"curies":[{"name":"wp","href":"https:\/\/api.w.org\/{rel}","templated":true}]}}